{"id":124,"date":"2019-03-20T13:12:01","date_gmt":"2019-03-20T13:12:01","guid":{"rendered":"https:\/\/bokakultur.botkyrka.se\/blog\/botkyrka\/?page_id=124"},"modified":"2026-04-09T14:19:38","modified_gmt":"2026-04-09T14:19:38","slug":"om-botkyrkas-kulturella-allemansratt","status":"publish","type":"page","link":"https:\/\/bokakultur.botkyrka.se\/blog\/botkyrka\/om-botkyrkas-kulturella-allemansratt\/","title":{"rendered":"Om Botkyrkas kulturella allemansr\u00e4tt"},"content":{"rendered":"\n<p class=\"has-text-align-left has-very-dark-gray-color has-text-color has-background has-small-font-size\" style=\"background-color:#ffffff\"><strong>Botkyrkas kulturella allemansr\u00e4tt<\/strong> <br><strong>Botkyrkas kulturella allemansr\u00e4tt <\/strong>\u00e4r en unik m\u00f6jlighet f\u00f6r alla barn och elever i Botkyrka. Kulturella upplevelser och eget skapande utan kostnad f\u00f6r den enskilda skolan eller f\u00f6rskolan f\u00f6r att st\u00e4rka och komplettera skolans breda uppdrag. Det ska vara l\u00e4tt att integrera kulturupplevelsen i skolans vardag, d\u00e4rf\u00f6r finns en utvald aktivitet per \u00e5rskurs i grundskolan och f\u00f6r f\u00f6rskolans 4-\u00e5ringar som \u00e5terkommande varje \u00e5r och r\u00e4cker till samtliga i m\u00e5lgruppen  \u2013 <strong>det \u00e4r en Kulturgaranti!<\/strong> Inom Botkyrkas kulturella allemansr\u00e4tt finns ocks\u00e5 ett omfattande program med st\u00f6d av den statliga satsningen Skapande skola, projekt med tematisk f\u00f6rdjupning samt fortbildning.<br><br><em>Botkyrkas kulturella allemansr\u00e4tt produceras och bekostas av Botkyrka kommun med st\u00f6d av Statens kulturr\u00e5d\/Skapande skola och Region Stockholm.<\/em> <br><br><strong>Barn har r\u00e4tt till kultur. Det st\u00e5r bland annat i FN:s barnr\u00e4ttskonvention som \u00e4r svensk lag<\/strong>.<br>Stater som undertecknat konventionen ska respektera och fr\u00e4mja barnets r\u00e4tt att fullt ut delta i det kulturella och konstn\u00e4rliga livet. De ska ocks\u00e5 uppmuntra tillg\u00e5ng till l\u00e4mpliga och lika m\u00f6jligheter f\u00f6r kulturell och konstn\u00e4rlig verksamhet. Till synes \u00e4r detta sj\u00e4lvklarheter, men i praktiken \u00e4r det inte alltid s\u00e5 enkelt. Vad menar vi egentligen med de fina och tunga formuleringarna? Hur tar vi dem med oss ut i verkligheten \u2013 till barnen?  Barns r\u00e4tt till kultur handlar om barns r\u00e4tt att delta i samh\u00e4llet. Att f\u00e5 yttra sig. Att f\u00e5 tillg\u00e5ng till olika uttrycksmedel. Att bli lyssnad p\u00e5 och synliggjord. Att f\u00e5 tillg\u00e5ng till konst, kultur och information.  <\/p>\n\n\n\n<p><\/p>\n","protected":false},"excerpt":{"rendered":"<p>Botkyrkas kulturella allemansr\u00e4tt Botkyrkas kulturella allemansr\u00e4tt \u00e4r en unik m\u00f6jlighet f\u00f6r alla barn och elever i Botkyrka. Kulturella upplevelser och eget skapande utan kostnad f\u00f6r den enskilda skolan eller f\u00f6rskolan f\u00f6r att st\u00e4rka och komplettera skolans breda uppdrag. Det ska vara l\u00e4tt att integrera kulturupplevelsen i skolans vardag, d\u00e4rf\u00f6r finns en utvald aktivitet per \u00e5rskurs [&hellip;]<\/p>\n","protected":false},"author":1,"featured_media":0,"parent":0,"menu_order":0,"comment_status":"closed","ping_status":"closed","template":"","meta":{"footnotes":""},"class_list":["post-124","page","type-page","status-publish","hentry"],"_links":{"self":[{"href":"https:\/\/bokakultur.botkyrka.se\/blog\/botkyrka\/wp-json\/wp\/v2\/pages\/124"}],"collection":[{"href":"https:\/\/bokakultur.botkyrka.se\/blog\/botkyrka\/wp-json\/wp\/v2\/pages"}],"about":[{"href":"https:\/\/bokakultur.botkyrka.se\/blog\/botkyrka\/wp-json\/wp\/v2\/types\/page"}],"author":[{"embeddable":true,"href":"https:\/\/bokakultur.botkyrka.se\/blog\/botkyrka\/wp-json\/wp\/v2\/users\/1"}],"replies":[{"embeddable":true,"href":"https:\/\/bokakultur.botkyrka.se\/blog\/botkyrka\/wp-json\/wp\/v2\/comments?post=124"}],"version-history":[{"count":17,"href":"https:\/\/bokakultur.botkyrka.se\/blog\/botkyrka\/wp-json\/wp\/v2\/pages\/124\/revisions"}],"predecessor-version":[{"id":476,"href":"https:\/\/bokakultur.botkyrka.se\/blog\/botkyrka\/wp-json\/wp\/v2\/pages\/124\/revisions\/476"}],"wp:attachment":[{"href":"https:\/\/bokakultur.botkyrka.se\/blog\/botkyrka\/wp-json\/wp\/v2\/media?parent=124"}],"curies":[{"name":"wp","href":"https:\/\/api.w.org\/{rel}","templated":true}]}}